{"id":4027,"date":"2016-08-03T09:44:22","date_gmt":"2016-08-03T09:44:22","guid":{"rendered":"https:\/\/marialauracarbajo.com\/sobre-mi\/"},"modified":"2020-11-24T14:31:29","modified_gmt":"2020-11-24T14:31:29","slug":"ueber-mich","status":"publish","type":"page","link":"https:\/\/marialauracarbajo.com\/de\/ueber-mich\/","title":{"rendered":"\u00dcber mich"},"content":{"rendered":"<section class=\"l-section wpb_row height_auto\"><div class=\"l-section-h i-cf\"><div class=\"g-cols vc_row type_default valign_top\"><div class=\"vc_col-sm-4 wpb_column vc_column_container animate_afb\" style=\"animation-delay:0.5s\"><div class=\"vc_column-inner\"><div class=\"wpb_wrapper\"><div class=\"w-separator size_large\"><\/div><div class=\"wpb_text_column\" ><div class=\"wpb_wrapper\"><h1>Laura Carbajo<\/h1>\n<p>Ich bin Laura Carbajo und wurde am 20. Dezember 1976 in Miramar Buenos Aires, Argentinien, geboren. Derzeit lebe ich auf Mallorca, Spanien, wieder am Meer wie in meiner Heimatstadt. Ich habe mich in verschiedenen L\u00e4ndern niedergelassen und verschiedene Kulturen, Br\u00e4uche, Verhaltensweisen \u2026<\/p>\n<p>Seit ich klein war, habe ich angefangen zu malen. Mein erstes Gem\u00e4lde stammt aus dem Alter von 5 Jahren. Nach einigen Jahren machte ich einen Malkurs, in dem ich die Techniken vertiefte und von diesem Moment an war meine Ausbildung Autodidakt.<\/p>\n<p>Jede Arbeit, die ich beginne, erm\u00f6glicht es mir, die zu verwendenden Techniken zu entdecken, da ich darin meine Gef\u00fchle ausdr\u00fccke. Wenn ich male, entdecke ich mich selbst, bin mit dem Universum und meinem inneren Frieden verbunden. Jedes meiner Bilder ist eine andere Emotion.<\/p>\n<\/div><\/div><div class=\"w-separator size_large\"><\/div><\/div><\/div><\/div><div class=\"vc_col-sm-1 wpb_column vc_column_container animate_afc\"><div class=\"vc_column-inner\"><div class=\"wpb_wrapper\"><\/div><\/div><\/div><div class=\"vc_col-sm-7 wpb_column vc_column_container has-fill animate_afb stretched\" style=\"animation-delay:0.7s\"><div class=\"vc_column-inner us_custom_01fc2252\"><div class=\"wpb_wrapper\"><div class=\"w-separator size_custom\" style=\"height:30vmax\"><\/div><\/div><\/div><\/div><\/div><\/div><\/section><section class=\"l-section wpb_row height_medium color_alternate\"><div class=\"l-section-h i-cf\"><div class=\"g-cols vc_row type_default valign_top\"><div class=\"vc_col-sm-8 wpb_column vc_column_container has-fill animate_afb\"><div class=\"vc_column-inner us_custom_c70c97eb\"><div class=\"wpb_wrapper\"><div class=\"wpb_text_column\" ><div class=\"wpb_wrapper\"><h3>Meine Kunst reicht von abstrakt bis figurativ. Die Arbeiten bestehen aus Acryl und strukturierten Materialien, wodurch verschiedene Arten von Reliefs erzielt werden.<\/h3>\n<\/div><\/div><div class=\"w-separator size_medium\"><\/div><div class=\"w-btn-wrapper width_auto align_left\"><a class=\"w-btn us-btn-style_3\" title=\"Portfolio\" href=\"\/portfolio\/\"><span class=\"w-btn-label\">Portfolio<\/span><\/a><\/div><\/div><\/div><\/div><div class=\"vc_col-sm-4 wpb_column vc_column_container\"><div class=\"vc_column-inner\"><div class=\"wpb_wrapper\"><\/div><\/div><\/div><\/div><\/div><\/section><section class=\"l-section wpb_row height_large with_overlay\"><div class=\"l-section-overlay\" style=\"background: #1a1a1a\"><\/div><div class=\"l-section-h i-cf\"><div class=\"g-cols vc_row type_default valign_middle\"><div class=\"vc_col-sm-4 wpb_column vc_column_container animate_afb\"><div class=\"vc_column-inner\"><div class=\"wpb_wrapper\"><div class=\"wpb_text_column us_custom_6df4bc3a has_text_color\" ><div class=\"wpb_wrapper\"><h3>Ein Spaziergang durch meine Werke&#8230;<\/h3>\n<\/div><\/div><div class=\"w-separator size_large\"><\/div><\/div><\/div><\/div><div class=\"vc_col-sm-8 wpb_column vc_column_container\"><div class=\"vc_column-inner\"><div class=\"wpb_wrapper\"><div class=\"wpb_text_column\" ><div class=\"wpb_wrapper\"><div style=\"width: 1600px;\" class=\"wp-video\"><!--[if lt IE 9]><script>document.createElement('video');<\/script><![endif]-->\n<video class=\"wp-video-shortcode\" id=\"video-4027-1\" width=\"1600\" height=\"900\" preload=\"metadata\" controls=\"controls\"><source type=\"video\/mp4\" src=\"https:\/\/marialauracarbajo.com\/wp-content\/uploads\/2020\/11\/laura-carbajo-web-03.mp4?_=1\" \/><a href=\"https:\/\/marialauracarbajo.com\/wp-content\/uploads\/2020\/11\/laura-carbajo-web-03.mp4\">https:\/\/marialauracarbajo.com\/wp-content\/uploads\/2020\/11\/laura-carbajo-web-03.mp4<\/a><\/video><\/div>\n<\/div><\/div><\/div><\/div><\/div><\/div><\/div><\/section><section class=\"l-section wpb_row height_auto width_full\"><div class=\"l-section-h i-cf\"><div class=\"g-cols vc_row type_default valign_top\"><div class=\"vc_col-sm-12 wpb_column vc_column_container animate_afb\"><div class=\"vc_column-inner\"><div class=\"wpb_wrapper\"><section class=\"l-section wpb_row height_medium\"><div class=\"l-section-h i-cf\"><div class=\"g-cols vc_row type_default valign_top\"><div class=\"vc_col-sm-12 wpb_column vc_column_container animate_afb\"><div class=\"vc_column-inner\"><div class=\"wpb_wrapper\"><div class=\"wpb_text_column\" ><div class=\"wpb_wrapper\"><h3>M\u00f6chten Sie mehr \u00fcber meine Arbeiten erfahren?<\/h3>\n<\/div><\/div><\/div><\/div><\/div><\/div><\/div><\/section><section class=\"l-section wpb_row height_medium color_alternate\"><div class=\"l-section-h i-cf\"><div class=\"g-cols vc_row type_default valign_top\"><div class=\"vc_col-sm-4 wpb_column vc_column_container animate_afb\" style=\"animation-delay:0.25s\"><div class=\"vc_column-inner\"><div class=\"wpb_wrapper\"><div class=\"wpb_text_column\" ><div class=\"wpb_wrapper\"><p>Kontaktieren Sie mich und erfahren Sie mehr \u00fcber meine Arbeiten und Ausstellungen. Ich werde Sie gerne auf dem Laufenden halten.<\/p>\n<\/div><\/div><\/div><\/div><\/div><div class=\"vc_col-sm-6 wpb_column vc_column_container animate_fade\"><div class=\"vc_column-inner\"><div class=\"wpb_wrapper\"><div class=\"wpb_text_column us_custom_34ae2160\" ><div class=\"wpb_wrapper\"><p><a href=\"mailto:info@marialauracarbajo.com\">info@marialauracarbajo.com<\/a><\/p>\n<\/div><\/div><\/div><\/div><\/div><\/div><\/div><\/section>\n<\/div><\/div><\/div><\/div><\/div><\/section>\n","protected":false},"excerpt":{"rendered":"Laura Carbajo Ich bin Laura Carbajo und wurde am 20. Dezember 1976 in Miramar Buenos Aires, Argentinien, geboren. Derzeit lebe ich auf Mallorca, Spanien, wieder am Meer wie in meiner Heimatstadt. Ich habe mich in verschiedenen L\u00e4ndern niedergelassen und verschiedene Kulturen, Br\u00e4uche, Verhaltensweisen \u2026 Seit ich klein war, habe ich angefangen zu malen. Mein erstes...","protected":false},"author":2,"featured_media":0,"parent":0,"menu_order":0,"comment_status":"closed","ping_status":"closed","template":"","meta":[],"yoast_head":"<!-- This site is optimized with the Yoast SEO plugin v15.3 - https:\/\/yoast.com\/wordpress\/plugins\/seo\/ -->\n<title>\u00dcber mich - Laura Carbajo<\/title>\n<meta name=\"robots\" content=\"index, follow, max-snippet:-1, max-image-preview:large, max-video-preview:-1\" \/>\n<link rel=\"canonical\" href=\"https:\/\/marialauracarbajo.com\/de\/ueber-mich\/\" \/>\n<meta property=\"og:locale\" content=\"de_DE\" \/>\n<meta property=\"og:type\" content=\"article\" \/>\n<meta property=\"og:title\" content=\"\u00dcber mich - Laura Carbajo\" \/>\n<meta property=\"og:url\" content=\"https:\/\/marialauracarbajo.com\/de\/ueber-mich\/\" \/>\n<meta property=\"og:site_name\" content=\"Laura Carbajo\" \/>\n<meta property=\"article:publisher\" content=\"https:\/\/www.facebook.com\/Laura-Carbajo-103599458224236\" \/>\n<meta property=\"article:modified_time\" content=\"2020-11-24T14:31:29+00:00\" \/>\n<meta name=\"twitter:card\" content=\"summary_large_image\" \/>\n<meta name=\"twitter:label1\" content=\"Verfasst von\">\n\t<meta name=\"twitter:data1\" content=\"Laura Carbajo\">\n\t<meta name=\"twitter:label2\" content=\"Gesch\u00e4tzte Lesezeit\">\n\t<meta name=\"twitter:data2\" content=\"1\u00a0Minute\">\n<script type=\"application\/ld+json\" class=\"yoast-schema-graph\">{\"@context\":\"https:\/\/schema.org\",\"@graph\":[{\"@type\":\"WebSite\",\"@id\":\"https:\/\/marialauracarbajo.com\/#website\",\"url\":\"https:\/\/marialauracarbajo.com\/\",\"name\":\"Laura Carbajo | Arte Acr\\u00edlico\",\"description\":\"Artista Especializada en Arte Acr\\u00edlico\",\"potentialAction\":[{\"@type\":\"SearchAction\",\"target\":\"https:\/\/marialauracarbajo.com\/?s={search_term_string}\",\"query-input\":\"required name=search_term_string\"}],\"inLanguage\":\"de\"},{\"@type\":\"WebPage\",\"@id\":\"https:\/\/marialauracarbajo.com\/de\/ueber-mich\/#webpage\",\"url\":\"https:\/\/marialauracarbajo.com\/de\/ueber-mich\/\",\"name\":\"\\u00dcber mich - Laura Carbajo\",\"isPartOf\":{\"@id\":\"https:\/\/marialauracarbajo.com\/#website\"},\"datePublished\":\"2016-08-03T09:44:22+00:00\",\"dateModified\":\"2020-11-24T14:31:29+00:00\",\"inLanguage\":\"de\",\"potentialAction\":[{\"@type\":\"ReadAction\",\"target\":[\"https:\/\/marialauracarbajo.com\/de\/ueber-mich\/\"]}]}]}<\/script>\n<!-- \/ Yoast SEO plugin. -->","_links":{"self":[{"href":"https:\/\/marialauracarbajo.com\/de\/wp-json\/wp\/v2\/pages\/4027\/"}],"collection":[{"href":"https:\/\/marialauracarbajo.com\/de\/wp-json\/wp\/v2\/pages\/"}],"about":[{"href":"https:\/\/marialauracarbajo.com\/de\/wp-json\/wp\/v2\/types\/page\/"}],"author":[{"embeddable":true,"href":"https:\/\/marialauracarbajo.com\/de\/wp-json\/wp\/v2\/users\/2\/"}],"replies":[{"embeddable":true,"href":"https:\/\/marialauracarbajo.com\/de\/wp-json\/wp\/v2\/comments\/?post=4027"}],"version-history":[{"count":7,"href":"https:\/\/marialauracarbajo.com\/de\/wp-json\/wp\/v2\/pages\/4027\/revisions\/"}],"predecessor-version":[{"id":4671,"href":"https:\/\/marialauracarbajo.com\/de\/wp-json\/wp\/v2\/pages\/4027\/revisions\/4671\/"}],"wp:attachment":[{"href":"https:\/\/marialauracarbajo.com\/de\/wp-json\/wp\/v2\/media\/?parent=4027"}],"curies":[{"name":"wp","href":"https:\/\/api.w.org\/{rel}","templated":true}]}}